{"id":1707,"date":"2015-12-24T11:33:54","date_gmt":"2015-12-24T11:33:54","guid":{"rendered":"http:\/\/girod.unternehmens-architekt.ch\/de\/?page_id=1707"},"modified":"2023-12-05T08:32:17","modified_gmt":"2023-12-05T08:32:17","slug":"willkommen","status":"publish","type":"page","link":"https:\/\/www.girodinstruments.ch\/de\/","title":{"rendered":"Willkommen"},"content":{"rendered":"<p>[vc_row][vc_column][layerslider_vc id=&#8220;6&#8243;][\/vc_column][\/vc_row][vc_row][vc_column width=&#8220;1\/3&#8243;][vc_single_image image=&#8220;1771&#8243; img_size=&#8220;full&#8220; alignment=&#8220;center&#8220; onclick=&#8220;custom_link&#8220; link=&#8220;\/de\/produkt-kategorie\/neuheiten\/&#8220;][vc_single_image image=&#8220;1457&#8243; img_size=&#8220;full&#8220; alignment=&#8220;center&#8220; onclick=&#8220;custom_link&#8220; link=&#8220;\/de\/produkt-kategorie\/girod-taster\/&#8220;][vc_single_image image=&#8220;1778&#8243; img_size=&#8220;full&#8220; alignment=&#8220;center&#8220; onclick=&#8220;custom_link&#8220; link=&#8220;\/de\/produkt-kategorie\/zubehoer\/&#8220;][\/vc_column][vc_column width=&#8220;1\/3&#8243;][vc_single_image image=&#8220;1768&#8243; img_size=&#8220;full&#8220; alignment=&#8220;center&#8220; onclick=&#8220;custom_link&#8220; link=&#8220;\/de\/produkt-kategorie\/fuehlhebelmessgeraet\/&#8220;][vc_single_image image=&#8220;1801&#8243; img_size=&#8220;full&#8220; alignment=&#8220;center&#8220; onclick=&#8220;custom_link&#8220; link=&#8220;\/de\/produkt-kategorie\/hochpraezisions-vergleichsgeraet\/&#8220;][vc_single_image image=&#8220;1775&#8243; img_size=&#8220;full&#8220; alignment=&#8220;center&#8220; onclick=&#8220;custom_link&#8220; link=&#8220;\/de\/produkt-kategorie\/messuhr\/&#8220;][\/vc_column][vc_column width=&#8220;1\/3&#8243;][vc_single_image image=&#8220;2543&#8243; img_size=&#8220;full&#8220; onclick=&#8220;custom_link&#8220; link=&#8220;https:\/\/www.girodinstruments.ch\/de\/alles-gute-zum-geburtstag&#8220;][\/vc_column][\/vc_row][vc_row][vc_column width=&#8220;1\/3&#8243;][vc_column_text]<\/p>\n<h3>Swiss Made<\/h3>\n<p>[\/vc_column_text][vc_row_inner][vc_column_inner][vc_column_text]<a href=\"http:\/\/www.girodinstruments.ch\/wp-content\/uploads\/2013\/11\/Swiss-Made-Neu.png\" rel=\"attachment wp-att-1398\"><img loading=\"lazy\" decoding=\"async\" class=\"alignleft wp-image-1398\" src=\"http:\/\/www.girodinstruments.ch\/wp-content\/uploads\/2013\/11\/Swiss-Made-Neu-300x300.png\" alt=\"Swiss-Made-Neu\" width=\"150\" height=\"150\" srcset=\"https:\/\/www.girodinstruments.ch\/wp-content\/uploads\/2013\/11\/Swiss-Made-Neu-300x300.png 300w, https:\/\/www.girodinstruments.ch\/wp-content\/uploads\/2013\/11\/Swiss-Made-Neu-200x200.png 200w, https:\/\/www.girodinstruments.ch\/wp-content\/uploads\/2013\/11\/Swiss-Made-Neu-100x100.png 100w, https:\/\/www.girodinstruments.ch\/wp-content\/uploads\/2013\/11\/Swiss-Made-Neu-450x450.png 450w, https:\/\/www.girodinstruments.ch\/wp-content\/uploads\/2013\/11\/Swiss-Made-Neu-150x150.png 150w, https:\/\/www.girodinstruments.ch\/wp-content\/uploads\/2013\/11\/Swiss-Made-Neu-250x250.png 250w, https:\/\/www.girodinstruments.ch\/wp-content\/uploads\/2013\/11\/Swiss-Made-Neu-90x90.png 90w, https:\/\/www.girodinstruments.ch\/wp-content\/uploads\/2013\/11\/Swiss-Made-Neu-158x158.png 158w, https:\/\/www.girodinstruments.ch\/wp-content\/uploads\/2013\/11\/Swiss-Made-Neu.png 500w\" sizes=\"(max-width: 150px) 100vw, 150px\" \/><\/a><\/p>\n<p>Die F\u00fchlhebelmessger\u00e4te von Girod-Tast sind getestet, hochpr\u00e4zise und haben ein klares Design. Die Produkte von Swiss Made Girod-Tast sind gegen\u00fcber Magnetfeldern unempfindlich und werden f\u00fcr ihre Empfindlichkeit, die Pr\u00e4zision und die aussergew\u00f6hnliche Langlebigkeit gesch\u00e4tzt.<\/p>\n<p>Erh\u00e4ltlich sind sie in verschiedenen Ausf\u00fchrungen und Girod Instruments S\u00e0rl garantiert kompetenten Unterhalt und schnellen Service.[\/vc_column_text][\/vc_column_inner][\/vc_row_inner][\/vc_column][vc_column width=&#8220;1\/3&#8243;][vc_column_text]<\/p>\n<h3>Aktueller Katalog<\/h3>\n<p>[\/vc_column_text][vc_row_inner][vc_column_inner][vc_single_image image=&#8220;1395&#8243; img_size=&#8220;230&#215;230&#8243; alignment=&#8220;center&#8220; onclick=&#8220;custom_link&#8220; img_link_target=&#8220;_blank&#8220; link=&#8220;https:\/\/www.girodinstruments.ch\/wp-content\/uploads\/2021\/10\/GI_N_OCT21.pdf&#8220;][\/vc_column_inner][\/vc_row_inner][\/vc_column][vc_column width=&#8220;1\/3&#8243;][vc_column_text]<\/p>\n<h3>Eintragen<\/h3>\n<p>[\/vc_column_text][vc_column_text]Melden Sie sich jetzt kostenlos f\u00fcr unseren Newsletter an und profitieren sie von Informationen \u00fcber neue Produkte, Aktionen und Veranstaltungen.<\/p>\n<p>Sie k\u00f6nnen sich jederzeit wieder abmelden.<\/p>\n<p><script>(function() {\n\twindow.mc4wp = window.mc4wp || {\n\t\tlisteners: [],\n\t\tforms: {\n\t\t\ton: function(evt, cb) {\n\t\t\t\twindow.mc4wp.listeners.push(\n\t\t\t\t\t{\n\t\t\t\t\t\tevent   : evt,\n\t\t\t\t\t\tcallback: cb\n\t\t\t\t\t}\n\t\t\t\t);\n\t\t\t}\n\t\t}\n\t}\n})();\n<\/script><!-- Mailchimp for WordPress v4.9.10 - https:\/\/wordpress.org\/plugins\/mailchimp-for-wp\/ --><form id=\"mc4wp-form-1\" class=\"mc4wp-form mc4wp-form-2609 mc4wp-form-theme mc4wp-form-theme-blue\" method=\"post\" data-id=\"2609\" data-name=\"Standard-Anmeldeformular\" ><div class=\"mc4wp-form-fields\"><p>\n\t<label>E-Mail Adresse<\/label>\n\t<input type=\"email\" id=\"mc4wp_email\" name=\"EMAIL\" placeholder=\"Ihre E-Mail Adresse\" required=\"\">\n<\/p>\n\n<p>\n\t<input type=\"submit\" value=\"Registrieren Sie sich\">\n<\/p>\n\n<\/div><label style=\"display: none !important;\">Leave this field empty if you're human: <input type=\"text\" name=\"_mc4wp_honeypot\" value=\"\" tabindex=\"-1\" autocomplete=\"off\" \/><\/label><input type=\"hidden\" name=\"_mc4wp_timestamp\" value=\"1775296715\" \/><input type=\"hidden\" name=\"_mc4wp_form_id\" value=\"2609\" \/><input type=\"hidden\" name=\"_mc4wp_form_element_id\" value=\"mc4wp-form-1\" \/><div class=\"mc4wp-response\"><\/div><\/form><!-- \/ Mailchimp for WordPress Plugin -->[\/vc_column_text][\/vc_column][\/vc_row]<\/p>\n","protected":false},"excerpt":{"rendered":"<p>[vc_row][vc_column][layerslider_vc id=&#8220;6&#8243;][\/vc_column][\/vc_row][vc_row][vc_column width=&#8220;1\/3&#8243;][vc_single_image image=&#8220;1771&#8243; img_size=&#8220;full&#8220; alignment=&#8220;center&#8220; onclick=&#8220;custom_link&#8220; link=&#8220;\/de\/produkt-kategorie\/neuheiten\/&#8220;][vc_single_image image=&#8220;1457&#8243; img_size=&#8220;full&#8220; alignment=&#8220;center&#8220; onclick=&#8220;custom_link&#8220; link=&#8220;\/de\/produkt-kategorie\/girod-taster\/&#8220;][vc_single_image image=&#8220;1778&#8243; img_size=&#8220;full&#8220; alignment=&#8220;center&#8220; onclick=&#8220;custom_link&#8220; link=&#8220;\/de\/produkt-kategorie\/zubehoer\/&#8220;][\/vc_column][vc_column width=&#8220;1\/3&#8243;][vc_single_image image=&#8220;1768&#8243; img_size=&#8220;full&#8220; alignment=&#8220;center&#8220; onclick=&#8220;custom_link&#8220; link=&#8220;\/de\/produkt-kategorie\/fuehlhebelmessgeraet\/&#8220;][vc_single_image image=&#8220;1801&#8243; img_size=&#8220;full&#8220; alignment=&#8220;center&#8220; onclick=&#8220;custom_link&#8220; link=&#8220;\/de\/produkt-kategorie\/hochpraezisions-vergleichsgeraet\/&#8220;][vc_single_image image=&#8220;1775&#8243; img_size=&#8220;full&#8220; alignment=&#8220;center&#8220; onclick=&#8220;custom_link&#8220; link=&#8220;\/de\/produkt-kategorie\/messuhr\/&#8220;][\/vc_column][vc_column width=&#8220;1\/3&#8243;][vc_single_image image=&#8220;2543&#8243; img_size=&#8220;full&#8220; onclick=&#8220;custom_link&#8220; link=&#8220;https:\/\/www.girodinstruments.ch\/de\/alles-gute-zum-geburtstag&#8220;][\/vc_column][\/vc_row][vc_row][vc_column width=&#8220;1\/3&#8243;][vc_column_text] Swiss Made [\/vc_column_text][vc_row_inner][vc_column_inner][vc_column_text] Die F\u00fchlhebelmessger\u00e4te von Girod-Tast sind getestet, hochpr\u00e4zise und haben ein klares Design. [&hellip;]<\/p>\n","protected":false},"author":1,"featured_media":0,"parent":0,"menu_order":0,"comment_status":"closed","ping_status":"closed","template":"template-front.php","meta":{"_exactmetrics_skip_tracking":false,"_exactmetrics_sitenote_active":false,"_exactmetrics_sitenote_note":"","_exactmetrics_sitenote_category":0,"footnotes":""},"yoast_head":"<!-- This site is optimized with the Yoast SEO plugin v21.7 - https:\/\/yoast.com\/wordpress\/plugins\/seo\/ -->\n<title>Willkommen - Girod Instruments<\/title>\n<meta name=\"robots\" content=\"index, follow, max-snippet:-1, max-image-preview:large, max-video-preview:-1\" \/>\n<link rel=\"canonical\" href=\"https:\/\/www.girodinstruments.ch\/de\/\" \/>\n<meta property=\"og:locale\" content=\"de_DE\" \/>\n<meta property=\"og:type\" content=\"article\" \/>\n<meta property=\"og:title\" content=\"Willkommen - Girod Instruments\" \/>\n<meta property=\"og:description\" content=\"[vc_row][vc_column][layerslider_vc id=&#8220;6&#8243;][\/vc_column][\/vc_row][vc_row][vc_column width=&#8220;1\/3&#8243;][vc_single_image image=&#8220;1771&#8243; img_size=&#8220;full&#8220; alignment=&#8220;center&#8220; onclick=&#8220;custom_link&#8220; link=&#8220;\/de\/produkt-kategorie\/neuheiten\/&#8220;][vc_single_image image=&#8220;1457&#8243; img_size=&#8220;full&#8220; alignment=&#8220;center&#8220; onclick=&#8220;custom_link&#8220; link=&#8220;\/de\/produkt-kategorie\/girod-taster\/&#8220;][vc_single_image image=&#8220;1778&#8243; img_size=&#8220;full&#8220; alignment=&#8220;center&#8220; onclick=&#8220;custom_link&#8220; link=&#8220;\/de\/produkt-kategorie\/zubehoer\/&#8220;][\/vc_column][vc_column width=&#8220;1\/3&#8243;][vc_single_image image=&#8220;1768&#8243; img_size=&#8220;full&#8220; alignment=&#8220;center&#8220; onclick=&#8220;custom_link&#8220; link=&#8220;\/de\/produkt-kategorie\/fuehlhebelmessgeraet\/&#8220;][vc_single_image image=&#8220;1801&#8243; img_size=&#8220;full&#8220; alignment=&#8220;center&#8220; onclick=&#8220;custom_link&#8220; link=&#8220;\/de\/produkt-kategorie\/hochpraezisions-vergleichsgeraet\/&#8220;][vc_single_image image=&#8220;1775&#8243; img_size=&#8220;full&#8220; alignment=&#8220;center&#8220; onclick=&#8220;custom_link&#8220; link=&#8220;\/de\/produkt-kategorie\/messuhr\/&#8220;][\/vc_column][vc_column width=&#8220;1\/3&#8243;][vc_single_image image=&#8220;2543&#8243; img_size=&#8220;full&#8220; onclick=&#8220;custom_link&#8220; link=&#8220;https:\/\/www.girodinstruments.ch\/de\/alles-gute-zum-geburtstag&#8220;][\/vc_column][\/vc_row][vc_row][vc_column width=&#8220;1\/3&#8243;][vc_column_text] Swiss Made [\/vc_column_text][vc_row_inner][vc_column_inner][vc_column_text] Die F\u00fchlhebelmessger\u00e4te von Girod-Tast sind getestet, hochpr\u00e4zise und haben ein klares Design. [&hellip;]\" \/>\n<meta property=\"og:url\" content=\"https:\/\/www.girodinstruments.ch\/de\/\" \/>\n<meta property=\"og:site_name\" content=\"Girod Instruments\" \/>\n<meta property=\"article:modified_time\" content=\"2023-12-05T08:32:17+00:00\" \/>\n<meta property=\"og:image\" content=\"http:\/\/www.girodinstruments.ch\/wp-content\/uploads\/2013\/11\/Swiss-Made-Neu-300x300.png\" \/>\n<meta name=\"twitter:card\" content=\"summary_large_image\" \/>\n<meta name=\"twitter:label1\" content=\"Gesch\u00e4tzte Lesezeit\" \/>\n\t<meta name=\"twitter:data1\" content=\"1\u00a0Minute\" \/>\n<script type=\"application\/ld+json\" class=\"yoast-schema-graph\">{\"@context\":\"https:\/\/schema.org\",\"@graph\":[{\"@type\":\"WebPage\",\"@id\":\"https:\/\/www.girodinstruments.ch\/de\/\",\"url\":\"https:\/\/www.girodinstruments.ch\/de\/\",\"name\":\"Willkommen - Girod Instruments\",\"isPartOf\":{\"@id\":\"https:\/\/www.girodinstruments.ch\/de\/#website\"},\"datePublished\":\"2015-12-24T11:33:54+00:00\",\"dateModified\":\"2023-12-05T08:32:17+00:00\",\"breadcrumb\":{\"@id\":\"https:\/\/www.girodinstruments.ch\/de\/#breadcrumb\"},\"inLanguage\":\"de\",\"potentialAction\":[{\"@type\":\"ReadAction\",\"target\":[\"https:\/\/www.girodinstruments.ch\/de\/\"]}]},{\"@type\":\"BreadcrumbList\",\"@id\":\"https:\/\/www.girodinstruments.ch\/de\/#breadcrumb\",\"itemListElement\":[{\"@type\":\"ListItem\",\"position\":1,\"name\":\"Home\",\"item\":\"https:\/\/www.girodinstruments.ch\/de\/\"},{\"@type\":\"ListItem\",\"position\":2,\"name\":\"Willkommen\"}]},{\"@type\":\"WebSite\",\"@id\":\"https:\/\/www.girodinstruments.ch\/de\/#website\",\"url\":\"https:\/\/www.girodinstruments.ch\/de\/\",\"name\":\"Girod Instruments\",\"description\":\"\",\"potentialAction\":[{\"@type\":\"SearchAction\",\"target\":{\"@type\":\"EntryPoint\",\"urlTemplate\":\"https:\/\/www.girodinstruments.ch\/de\/?s={search_term_string}\"},\"query-input\":\"required name=search_term_string\"}],\"inLanguage\":\"de\"}]}<\/script>\n<!-- \/ Yoast SEO plugin. -->","yoast_head_json":{"title":"Willkommen - Girod Instruments","robots":{"index":"index","follow":"follow","max-snippet":"max-snippet:-1","max-image-preview":"max-image-preview:large","max-video-preview":"max-video-preview:-1"},"canonical":"https:\/\/www.girodinstruments.ch\/de\/","og_locale":"de_DE","og_type":"article","og_title":"Willkommen - Girod Instruments","og_description":"[vc_row][vc_column][layerslider_vc id=&#8220;6&#8243;][\/vc_column][\/vc_row][vc_row][vc_column width=&#8220;1\/3&#8243;][vc_single_image image=&#8220;1771&#8243; img_size=&#8220;full&#8220; alignment=&#8220;center&#8220; onclick=&#8220;custom_link&#8220; link=&#8220;\/de\/produkt-kategorie\/neuheiten\/&#8220;][vc_single_image image=&#8220;1457&#8243; img_size=&#8220;full&#8220; alignment=&#8220;center&#8220; onclick=&#8220;custom_link&#8220; link=&#8220;\/de\/produkt-kategorie\/girod-taster\/&#8220;][vc_single_image image=&#8220;1778&#8243; img_size=&#8220;full&#8220; alignment=&#8220;center&#8220; onclick=&#8220;custom_link&#8220; link=&#8220;\/de\/produkt-kategorie\/zubehoer\/&#8220;][\/vc_column][vc_column width=&#8220;1\/3&#8243;][vc_single_image image=&#8220;1768&#8243; img_size=&#8220;full&#8220; alignment=&#8220;center&#8220; onclick=&#8220;custom_link&#8220; link=&#8220;\/de\/produkt-kategorie\/fuehlhebelmessgeraet\/&#8220;][vc_single_image image=&#8220;1801&#8243; img_size=&#8220;full&#8220; alignment=&#8220;center&#8220; onclick=&#8220;custom_link&#8220; link=&#8220;\/de\/produkt-kategorie\/hochpraezisions-vergleichsgeraet\/&#8220;][vc_single_image image=&#8220;1775&#8243; img_size=&#8220;full&#8220; alignment=&#8220;center&#8220; onclick=&#8220;custom_link&#8220; link=&#8220;\/de\/produkt-kategorie\/messuhr\/&#8220;][\/vc_column][vc_column width=&#8220;1\/3&#8243;][vc_single_image image=&#8220;2543&#8243; img_size=&#8220;full&#8220; onclick=&#8220;custom_link&#8220; link=&#8220;https:\/\/www.girodinstruments.ch\/de\/alles-gute-zum-geburtstag&#8220;][\/vc_column][\/vc_row][vc_row][vc_column width=&#8220;1\/3&#8243;][vc_column_text] Swiss Made [\/vc_column_text][vc_row_inner][vc_column_inner][vc_column_text] Die F\u00fchlhebelmessger\u00e4te von Girod-Tast sind getestet, hochpr\u00e4zise und haben ein klares Design. [&hellip;]","og_url":"https:\/\/www.girodinstruments.ch\/de\/","og_site_name":"Girod Instruments","article_modified_time":"2023-12-05T08:32:17+00:00","og_image":[{"url":"http:\/\/www.girodinstruments.ch\/wp-content\/uploads\/2013\/11\/Swiss-Made-Neu-300x300.png"}],"twitter_card":"summary_large_image","twitter_misc":{"Gesch\u00e4tzte Lesezeit":"1\u00a0Minute"},"schema":{"@context":"https:\/\/schema.org","@graph":[{"@type":"WebPage","@id":"https:\/\/www.girodinstruments.ch\/de\/","url":"https:\/\/www.girodinstruments.ch\/de\/","name":"Willkommen - Girod Instruments","isPartOf":{"@id":"https:\/\/www.girodinstruments.ch\/de\/#website"},"datePublished":"2015-12-24T11:33:54+00:00","dateModified":"2023-12-05T08:32:17+00:00","breadcrumb":{"@id":"https:\/\/www.girodinstruments.ch\/de\/#breadcrumb"},"inLanguage":"de","potentialAction":[{"@type":"ReadAction","target":["https:\/\/www.girodinstruments.ch\/de\/"]}]},{"@type":"BreadcrumbList","@id":"https:\/\/www.girodinstruments.ch\/de\/#breadcrumb","itemListElement":[{"@type":"ListItem","position":1,"name":"Home","item":"https:\/\/www.girodinstruments.ch\/de\/"},{"@type":"ListItem","position":2,"name":"Willkommen"}]},{"@type":"WebSite","@id":"https:\/\/www.girodinstruments.ch\/de\/#website","url":"https:\/\/www.girodinstruments.ch\/de\/","name":"Girod Instruments","description":"","potentialAction":[{"@type":"SearchAction","target":{"@type":"EntryPoint","urlTemplate":"https:\/\/www.girodinstruments.ch\/de\/?s={search_term_string}"},"query-input":"required name=search_term_string"}],"inLanguage":"de"}]}},"_links":{"self":[{"href":"https:\/\/www.girodinstruments.ch\/de\/wp-json\/wp\/v2\/pages\/1707"}],"collection":[{"href":"https:\/\/www.girodinstruments.ch\/de\/wp-json\/wp\/v2\/pages"}],"about":[{"href":"https:\/\/www.girodinstruments.ch\/de\/wp-json\/wp\/v2\/types\/page"}],"author":[{"embeddable":true,"href":"https:\/\/www.girodinstruments.ch\/de\/wp-json\/wp\/v2\/users\/1"}],"replies":[{"embeddable":true,"href":"https:\/\/www.girodinstruments.ch\/de\/wp-json\/wp\/v2\/comments?post=1707"}],"version-history":[{"count":31,"href":"https:\/\/www.girodinstruments.ch\/de\/wp-json\/wp\/v2\/pages\/1707\/revisions"}],"predecessor-version":[{"id":2605,"href":"https:\/\/www.girodinstruments.ch\/de\/wp-json\/wp\/v2\/pages\/1707\/revisions\/2605"}],"wp:attachment":[{"href":"https:\/\/www.girodinstruments.ch\/de\/wp-json\/wp\/v2\/media?parent=1707"}],"curies":[{"name":"wp","href":"https:\/\/api.w.org\/{rel}","templated":true}]}}