{"id":356,"date":"2015-08-27T16:38:28","date_gmt":"2015-08-27T16:38:28","guid":{"rendered":"http:\/\/girod.unternehmens-architekt.ch\/index.php\/product\/gt-7601100-2\/"},"modified":"2020-01-26T20:16:34","modified_gmt":"2020-01-26T20:16:34","slug":"gt-7601100","status":"publish","type":"product","link":"https:\/\/www.girodinstruments.ch\/de\/produkte\/gt-7601100\/","title":{"rendered":"GT 7601100"},"content":{"rendered":"<h3>Eigenschaften<\/h3>\n<ul>\n<li>Das Design entspricht den Anforderungen der DIN 879-1. Dies trifft nicht nur auf die Abmessungen, sondern auch erlaubt Spannweiten von Fehler, Hysterese und Messen von Druck.<\/li>\n<li>Wirksamer Sto\u00dfschutz<\/li>\n<li>Ritzeln und Wellen der Bewegung sind juweliert<\/li>\n<li>Nach dem Entfernen der Schutzkappe erm\u00f6glicht die Einstellschraube auf der Oberseite des Geh\u00e4uses eine einfache und sichere Nulleinstellung des Ger\u00e4tes \u00fcber den gesamten Messbereich .<\/li>\n<li>Eine Schutzkappe verhindert ein unbeabsichtigtes Verdrehen der Feinverstellung.<\/li>\n<li>Stem und Spindel sind aus geh\u00e4rtetem Edelstahl.<\/li>\n<li>Die Messspindeln sind sehr empfindlich wegen ihrer genauen F\u00fchrer.<\/li>\n<li>Weitere \u00dcberhub hilft bei dem Einsetzen von Werkst\u00fccken in die Messvorrichtung .<\/li>\n<li>Die klare Skala ist Schatten frei.<\/li>\n<li>Die roten Toleranzmarken sind leicht zu erkennen und zu setzen<\/li>\n<\/ul>\n","protected":false},"excerpt":{"rendered":"<p>Die hohen Pr\u00e4zisionskomparator Gauges bieten ein hohes Ma\u00df an Sicherheit und Pr\u00e4zision. Sie basieren auf einer soliden und Brunnenbau dacht unter Ber\u00fccksichtigung der neuesten Technologie. Sie werden von den meisten up-to-date Methoden hergestellt. Folgende Qualit\u00e4tsmerkmale charakterisieren unser Fertigungsprogramm von Komparator Gauges Compika.<\/p>\n","protected":false},"featured_media":1472,"template":"","meta":{"_exactmetrics_skip_tracking":false,"_exactmetrics_sitenote_active":false,"_exactmetrics_sitenote_note":"","_exactmetrics_sitenote_category":0},"product_cat":[72],"product_tag":[],"yoast_head":"<!-- This site is optimized with the Yoast SEO plugin v21.7 - https:\/\/yoast.com\/wordpress\/plugins\/seo\/ -->\n<title>GT 7601100 - Girod Instruments<\/title>\n<meta name=\"robots\" content=\"index, follow, max-snippet:-1, max-image-preview:large, max-video-preview:-1\" \/>\n<link rel=\"canonical\" href=\"https:\/\/www.girodinstruments.ch\/de\/produkte\/gt-7601100\/\" \/>\n<meta property=\"og:locale\" content=\"de_DE\" \/>\n<meta property=\"og:type\" content=\"article\" \/>\n<meta property=\"og:title\" content=\"GT 7601100 - Girod Instruments\" \/>\n<meta property=\"og:description\" content=\"Die hohen Pr\u00e4zisionskomparator Gauges bieten ein hohes Ma\u00df an Sicherheit und Pr\u00e4zision. Sie basieren auf einer soliden und Brunnenbau dacht unter Ber\u00fccksichtigung der neuesten Technologie. Sie werden von den meisten up-to-date Methoden hergestellt. Folgende Qualit\u00e4tsmerkmale charakterisieren unser Fertigungsprogramm von Komparator Gauges Compika.\" \/>\n<meta property=\"og:url\" content=\"https:\/\/www.girodinstruments.ch\/de\/produkte\/gt-7601100\/\" \/>\n<meta property=\"og:site_name\" content=\"Girod Instruments\" \/>\n<meta property=\"article:modified_time\" content=\"2020-01-26T20:16:34+00:00\" \/>\n<meta property=\"og:image\" content=\"https:\/\/www.girodinstruments.ch\/wp-content\/uploads\/2015\/08\/GT-7601100.png\" \/>\n\t<meta property=\"og:image:width\" content=\"900\" \/>\n\t<meta property=\"og:image:height\" content=\"900\" \/>\n\t<meta property=\"og:image:type\" content=\"image\/png\" \/>\n<meta name=\"twitter:card\" content=\"summary_large_image\" \/>\n<meta name=\"twitter:label1\" content=\"Gesch\u00e4tzte Lesezeit\" \/>\n\t<meta name=\"twitter:data1\" content=\"1\u00a0Minute\" \/>\n<script type=\"application\/ld+json\" class=\"yoast-schema-graph\">{\"@context\":\"https:\/\/schema.org\",\"@graph\":[{\"@type\":\"WebPage\",\"@id\":\"https:\/\/www.girodinstruments.ch\/de\/produkte\/gt-7601100\/\",\"url\":\"https:\/\/www.girodinstruments.ch\/de\/produkte\/gt-7601100\/\",\"name\":\"GT 7601100 - Girod Instruments\",\"isPartOf\":{\"@id\":\"https:\/\/www.girodinstruments.ch\/de\/#website\"},\"datePublished\":\"2015-08-27T16:38:28+00:00\",\"dateModified\":\"2020-01-26T20:16:34+00:00\",\"breadcrumb\":{\"@id\":\"https:\/\/www.girodinstruments.ch\/de\/produkte\/gt-7601100\/#breadcrumb\"},\"inLanguage\":\"de\",\"potentialAction\":[{\"@type\":\"ReadAction\",\"target\":[\"https:\/\/www.girodinstruments.ch\/de\/produkte\/gt-7601100\/\"]}]},{\"@type\":\"BreadcrumbList\",\"@id\":\"https:\/\/www.girodinstruments.ch\/de\/produkte\/gt-7601100\/#breadcrumb\",\"itemListElement\":[{\"@type\":\"ListItem\",\"position\":1,\"name\":\"Home\",\"item\":\"https:\/\/www.girodinstruments.ch\/de\/\"},{\"@type\":\"ListItem\",\"position\":2,\"name\":\"Boutique\",\"item\":\"https:\/\/www.girodinstruments.ch\/boutique\/\"},{\"@type\":\"ListItem\",\"position\":3,\"name\":\"GT 7601100\"}]},{\"@type\":\"WebSite\",\"@id\":\"https:\/\/www.girodinstruments.ch\/de\/#website\",\"url\":\"https:\/\/www.girodinstruments.ch\/de\/\",\"name\":\"Girod Instruments\",\"description\":\"\",\"potentialAction\":[{\"@type\":\"SearchAction\",\"target\":{\"@type\":\"EntryPoint\",\"urlTemplate\":\"https:\/\/www.girodinstruments.ch\/de\/?s={search_term_string}\"},\"query-input\":\"required name=search_term_string\"}],\"inLanguage\":\"de\"}]}<\/script>\n<!-- \/ Yoast SEO plugin. -->","yoast_head_json":{"title":"GT 7601100 - Girod Instruments","robots":{"index":"index","follow":"follow","max-snippet":"max-snippet:-1","max-image-preview":"max-image-preview:large","max-video-preview":"max-video-preview:-1"},"canonical":"https:\/\/www.girodinstruments.ch\/de\/produkte\/gt-7601100\/","og_locale":"de_DE","og_type":"article","og_title":"GT 7601100 - Girod Instruments","og_description":"Die hohen Pr\u00e4zisionskomparator Gauges bieten ein hohes Ma\u00df an Sicherheit und Pr\u00e4zision. Sie basieren auf einer soliden und Brunnenbau dacht unter Ber\u00fccksichtigung der neuesten Technologie. Sie werden von den meisten up-to-date Methoden hergestellt. Folgende Qualit\u00e4tsmerkmale charakterisieren unser Fertigungsprogramm von Komparator Gauges Compika.","og_url":"https:\/\/www.girodinstruments.ch\/de\/produkte\/gt-7601100\/","og_site_name":"Girod Instruments","article_modified_time":"2020-01-26T20:16:34+00:00","og_image":[{"width":900,"height":900,"url":"https:\/\/www.girodinstruments.ch\/wp-content\/uploads\/2015\/08\/GT-7601100.png","type":"image\/png"}],"twitter_card":"summary_large_image","twitter_misc":{"Gesch\u00e4tzte Lesezeit":"1\u00a0Minute"},"schema":{"@context":"https:\/\/schema.org","@graph":[{"@type":"WebPage","@id":"https:\/\/www.girodinstruments.ch\/de\/produkte\/gt-7601100\/","url":"https:\/\/www.girodinstruments.ch\/de\/produkte\/gt-7601100\/","name":"GT 7601100 - Girod Instruments","isPartOf":{"@id":"https:\/\/www.girodinstruments.ch\/de\/#website"},"datePublished":"2015-08-27T16:38:28+00:00","dateModified":"2020-01-26T20:16:34+00:00","breadcrumb":{"@id":"https:\/\/www.girodinstruments.ch\/de\/produkte\/gt-7601100\/#breadcrumb"},"inLanguage":"de","potentialAction":[{"@type":"ReadAction","target":["https:\/\/www.girodinstruments.ch\/de\/produkte\/gt-7601100\/"]}]},{"@type":"BreadcrumbList","@id":"https:\/\/www.girodinstruments.ch\/de\/produkte\/gt-7601100\/#breadcrumb","itemListElement":[{"@type":"ListItem","position":1,"name":"Home","item":"https:\/\/www.girodinstruments.ch\/de\/"},{"@type":"ListItem","position":2,"name":"Boutique","item":"https:\/\/www.girodinstruments.ch\/boutique\/"},{"@type":"ListItem","position":3,"name":"GT 7601100"}]},{"@type":"WebSite","@id":"https:\/\/www.girodinstruments.ch\/de\/#website","url":"https:\/\/www.girodinstruments.ch\/de\/","name":"Girod Instruments","description":"","potentialAction":[{"@type":"SearchAction","target":{"@type":"EntryPoint","urlTemplate":"https:\/\/www.girodinstruments.ch\/de\/?s={search_term_string}"},"query-input":"required name=search_term_string"}],"inLanguage":"de"}]}},"_links":{"self":[{"href":"https:\/\/www.girodinstruments.ch\/de\/wp-json\/wp\/v2\/product\/356"}],"collection":[{"href":"https:\/\/www.girodinstruments.ch\/de\/wp-json\/wp\/v2\/product"}],"about":[{"href":"https:\/\/www.girodinstruments.ch\/de\/wp-json\/wp\/v2\/types\/product"}],"wp:featuredmedia":[{"embeddable":true,"href":"https:\/\/www.girodinstruments.ch\/de\/wp-json\/wp\/v2\/media\/1472"}],"wp:attachment":[{"href":"https:\/\/www.girodinstruments.ch\/de\/wp-json\/wp\/v2\/media?parent=356"}],"wp:term":[{"taxonomy":"product_cat","embeddable":true,"href":"https:\/\/www.girodinstruments.ch\/de\/wp-json\/wp\/v2\/product_cat?post=356"},{"taxonomy":"product_tag","embeddable":true,"href":"https:\/\/www.girodinstruments.ch\/de\/wp-json\/wp\/v2\/product_tag?post=356"}],"curies":[{"name":"wp","href":"https:\/\/api.w.org\/{rel}","templated":true}]}}