{"id":379,"date":"2015-08-27T13:44:00","date_gmt":"2015-08-27T13:44:00","guid":{"rendered":"http:\/\/girod.unternehmens-architekt.ch\/index.php\/product\/gt-1472\/"},"modified":"2023-05-03T08:03:07","modified_gmt":"2023-05-03T08:03:07","slug":"gt-1472-r","status":"publish","type":"product","link":"https:\/\/www.girodinstruments.ch\/de\/produkte\/gt-1472-r\/","title":{"rendered":"GT 1472 R"},"content":{"rendered":"<h3>Wichtigste Merkmale<\/h3>\n<ul>\n<li>Hohe Empfindlichkeit, Genauigkeit und Wiederholungsgenauigkeit (nach DIN 2270-Normen).<\/li>\n<li>Bew\u00e4hrtes Ger\u00e4t mit hoher Zuverl\u00e4ssigkeit und sehr gutem Aussehen.<\/li>\n<li>Unempfindlich gegen\u00fcber magnetischen Feldern.<\/li>\n<li>Automatische Umkehr der Abtastrichtung ohne \u00c4nderung der Nadel-Drehrichtung.<\/li>\n<li>Leichte Ablesbarkeit und Fehlerunterdr\u00fcckung durch Begrenzung des Nadelhubs auf eine einzige Umdrehung.<\/li>\n<li>Das Zifferblatt ist drehbar.<\/li>\n<li>Auswechselbares, steinernes Pr\u00e4zisionsuhrwerk, das die Reparatur vereinfacht.<\/li>\n<li>Sehr robustes Monoblock-Geh\u00e4use mit drei aus dem Vollen gefr\u00e4sten Schwalbenschw\u00e4nzen.<\/li>\n<li>Die Achse des Zapfens ist auf Pr\u00e4zisionskugellagern gelagert.<\/li>\n<li>Sehr handlich und universell einsetzbar durch seine schlanke Form und die drei Schwalbenschw\u00e4nze.<\/li>\n<li>Taster mit Hartmetallkugel, um 240\u00b0 drehbar und austauschbar.<\/li>\n<\/ul>\n","protected":false},"excerpt":{"rendered":"<h3>Verschiedene Ausf\u00fchrungen :<\/h3>\n<ul>\n<li>Horizontale, vertikale und parallele<\/li>\n<li>Kleines und grosses Zifferblatt<\/li>\n<li>Kurzer und langer Messtaster<\/li>\n<li>Ablesung 0,01,  0,002 mm und 0,001 mm<\/li>\n<li>* Zollablesung .0005\u201d, .0001\u201d und  .00005\u201d<\/li>\n<\/ul>\n<h3>Leichter Unterhalt, Reparaturen kurzfristig.<\/h3>\n<ul>\n<li>Jedes Instrument wird in einem Kunststoff-Etui geliefert mit : 1 Messtaster-Schl\u00fcssel und 1 Einspannsch\u00e4ft \u00f8 8 mm.<\/li>\n<li>Grosse Auswahl an Zubeh\u00f6r.<\/li>\n<\/ul>\n","protected":false},"featured_media":1513,"template":"","meta":{"_exactmetrics_skip_tracking":false,"_exactmetrics_sitenote_active":false,"_exactmetrics_sitenote_note":"","_exactmetrics_sitenote_category":0},"product_cat":[70,245],"product_tag":[261],"yoast_head":"<!-- This site is optimized with the Yoast SEO plugin v21.7 - https:\/\/yoast.com\/wordpress\/plugins\/seo\/ -->\n<title>GT 1472 R - Girod Instruments<\/title>\n<meta name=\"robots\" content=\"index, follow, max-snippet:-1, max-image-preview:large, max-video-preview:-1\" \/>\n<link rel=\"canonical\" href=\"https:\/\/www.girodinstruments.ch\/de\/produkte\/gt-1472-r\/\" \/>\n<meta property=\"og:locale\" content=\"de_DE\" \/>\n<meta property=\"og:type\" content=\"article\" \/>\n<meta property=\"og:title\" content=\"GT 1472 R - Girod Instruments\" \/>\n<meta property=\"og:description\" content=\"Verschiedene Ausf\u00fchrungen :   Horizontale, vertikale und parallele  Kleines und grosses Zifferblatt  Kurzer und langer Messtaster  Ablesung 0,01, 0,002 mm und 0,001 mm  * Zollablesung .0005\u201d, .0001\u201d und .00005\u201d  Leichter Unterhalt, Reparaturen kurzfristig.   Jedes Instrument wird in einem Kunststoff-Etui geliefert mit : 1 Messtaster-Schl\u00fcssel und 1 Einspannsch\u00e4ft \u00f8 8 mm.  Grosse Auswahl an Zubeh\u00f6r.\" \/>\n<meta property=\"og:url\" content=\"https:\/\/www.girodinstruments.ch\/de\/produkte\/gt-1472-r\/\" \/>\n<meta property=\"og:site_name\" content=\"Girod Instruments\" \/>\n<meta property=\"article:modified_time\" content=\"2023-05-03T08:03:07+00:00\" \/>\n<meta property=\"og:image\" content=\"https:\/\/www.girodinstruments.ch\/wp-content\/uploads\/2015\/12\/GT-1472.png\" \/>\n\t<meta property=\"og:image:width\" content=\"900\" \/>\n\t<meta property=\"og:image:height\" content=\"900\" \/>\n\t<meta property=\"og:image:type\" content=\"image\/png\" \/>\n<meta name=\"twitter:card\" content=\"summary_large_image\" \/>\n<meta name=\"twitter:label1\" content=\"Gesch\u00e4tzte Lesezeit\" \/>\n\t<meta name=\"twitter:data1\" content=\"1\u00a0Minute\" \/>\n<script type=\"application\/ld+json\" class=\"yoast-schema-graph\">{\"@context\":\"https:\/\/schema.org\",\"@graph\":[{\"@type\":\"WebPage\",\"@id\":\"https:\/\/www.girodinstruments.ch\/de\/produkte\/gt-1472-r\/\",\"url\":\"https:\/\/www.girodinstruments.ch\/de\/produkte\/gt-1472-r\/\",\"name\":\"GT 1472 R - Girod Instruments\",\"isPartOf\":{\"@id\":\"https:\/\/www.girodinstruments.ch\/de\/#website\"},\"datePublished\":\"2015-08-27T13:44:00+00:00\",\"dateModified\":\"2023-05-03T08:03:07+00:00\",\"breadcrumb\":{\"@id\":\"https:\/\/www.girodinstruments.ch\/de\/produkte\/gt-1472-r\/#breadcrumb\"},\"inLanguage\":\"de\",\"potentialAction\":[{\"@type\":\"ReadAction\",\"target\":[\"https:\/\/www.girodinstruments.ch\/de\/produkte\/gt-1472-r\/\"]}]},{\"@type\":\"BreadcrumbList\",\"@id\":\"https:\/\/www.girodinstruments.ch\/de\/produkte\/gt-1472-r\/#breadcrumb\",\"itemListElement\":[{\"@type\":\"ListItem\",\"position\":1,\"name\":\"Home\",\"item\":\"https:\/\/www.girodinstruments.ch\/de\/\"},{\"@type\":\"ListItem\",\"position\":2,\"name\":\"Boutique\",\"item\":\"https:\/\/www.girodinstruments.ch\/boutique\/\"},{\"@type\":\"ListItem\",\"position\":3,\"name\":\"GT 1472 R\"}]},{\"@type\":\"WebSite\",\"@id\":\"https:\/\/www.girodinstruments.ch\/de\/#website\",\"url\":\"https:\/\/www.girodinstruments.ch\/de\/\",\"name\":\"Girod Instruments\",\"description\":\"\",\"potentialAction\":[{\"@type\":\"SearchAction\",\"target\":{\"@type\":\"EntryPoint\",\"urlTemplate\":\"https:\/\/www.girodinstruments.ch\/de\/?s={search_term_string}\"},\"query-input\":\"required name=search_term_string\"}],\"inLanguage\":\"de\"}]}<\/script>\n<!-- \/ Yoast SEO plugin. -->","yoast_head_json":{"title":"GT 1472 R - Girod Instruments","robots":{"index":"index","follow":"follow","max-snippet":"max-snippet:-1","max-image-preview":"max-image-preview:large","max-video-preview":"max-video-preview:-1"},"canonical":"https:\/\/www.girodinstruments.ch\/de\/produkte\/gt-1472-r\/","og_locale":"de_DE","og_type":"article","og_title":"GT 1472 R - Girod Instruments","og_description":"Verschiedene Ausf\u00fchrungen :   Horizontale, vertikale und parallele  Kleines und grosses Zifferblatt  Kurzer und langer Messtaster  Ablesung 0,01, 0,002 mm und 0,001 mm  * Zollablesung .0005\u201d, .0001\u201d und .00005\u201d  Leichter Unterhalt, Reparaturen kurzfristig.   Jedes Instrument wird in einem Kunststoff-Etui geliefert mit : 1 Messtaster-Schl\u00fcssel und 1 Einspannsch\u00e4ft \u00f8 8 mm.  Grosse Auswahl an Zubeh\u00f6r.","og_url":"https:\/\/www.girodinstruments.ch\/de\/produkte\/gt-1472-r\/","og_site_name":"Girod Instruments","article_modified_time":"2023-05-03T08:03:07+00:00","og_image":[{"width":900,"height":900,"url":"https:\/\/www.girodinstruments.ch\/wp-content\/uploads\/2015\/12\/GT-1472.png","type":"image\/png"}],"twitter_card":"summary_large_image","twitter_misc":{"Gesch\u00e4tzte Lesezeit":"1\u00a0Minute"},"schema":{"@context":"https:\/\/schema.org","@graph":[{"@type":"WebPage","@id":"https:\/\/www.girodinstruments.ch\/de\/produkte\/gt-1472-r\/","url":"https:\/\/www.girodinstruments.ch\/de\/produkte\/gt-1472-r\/","name":"GT 1472 R - Girod Instruments","isPartOf":{"@id":"https:\/\/www.girodinstruments.ch\/de\/#website"},"datePublished":"2015-08-27T13:44:00+00:00","dateModified":"2023-05-03T08:03:07+00:00","breadcrumb":{"@id":"https:\/\/www.girodinstruments.ch\/de\/produkte\/gt-1472-r\/#breadcrumb"},"inLanguage":"de","potentialAction":[{"@type":"ReadAction","target":["https:\/\/www.girodinstruments.ch\/de\/produkte\/gt-1472-r\/"]}]},{"@type":"BreadcrumbList","@id":"https:\/\/www.girodinstruments.ch\/de\/produkte\/gt-1472-r\/#breadcrumb","itemListElement":[{"@type":"ListItem","position":1,"name":"Home","item":"https:\/\/www.girodinstruments.ch\/de\/"},{"@type":"ListItem","position":2,"name":"Boutique","item":"https:\/\/www.girodinstruments.ch\/boutique\/"},{"@type":"ListItem","position":3,"name":"GT 1472 R"}]},{"@type":"WebSite","@id":"https:\/\/www.girodinstruments.ch\/de\/#website","url":"https:\/\/www.girodinstruments.ch\/de\/","name":"Girod Instruments","description":"","potentialAction":[{"@type":"SearchAction","target":{"@type":"EntryPoint","urlTemplate":"https:\/\/www.girodinstruments.ch\/de\/?s={search_term_string}"},"query-input":"required name=search_term_string"}],"inLanguage":"de"}]}},"_links":{"self":[{"href":"https:\/\/www.girodinstruments.ch\/de\/wp-json\/wp\/v2\/product\/379"}],"collection":[{"href":"https:\/\/www.girodinstruments.ch\/de\/wp-json\/wp\/v2\/product"}],"about":[{"href":"https:\/\/www.girodinstruments.ch\/de\/wp-json\/wp\/v2\/types\/product"}],"wp:featuredmedia":[{"embeddable":true,"href":"https:\/\/www.girodinstruments.ch\/de\/wp-json\/wp\/v2\/media\/1513"}],"wp:attachment":[{"href":"https:\/\/www.girodinstruments.ch\/de\/wp-json\/wp\/v2\/media?parent=379"}],"wp:term":[{"taxonomy":"product_cat","embeddable":true,"href":"https:\/\/www.girodinstruments.ch\/de\/wp-json\/wp\/v2\/product_cat?post=379"},{"taxonomy":"product_tag","embeddable":true,"href":"https:\/\/www.girodinstruments.ch\/de\/wp-json\/wp\/v2\/product_tag?post=379"}],"curies":[{"name":"wp","href":"https:\/\/api.w.org\/{rel}","templated":true}]}}